{"id":117,"date":"2015-07-23T13:03:33","date_gmt":"2015-07-23T11:03:33","guid":{"rendered":"http:\/\/poumriubregos.fpa.cat\/?page_id=117"},"modified":"2015-07-23T13:03:33","modified_gmt":"2015-07-23T11:03:33","slug":"presentacio","status":"publish","type":"page","link":"https:\/\/poumriubregos.fpa.cat\/?page_id=117","title":{"rendered":"Presentaci\u00f3"},"content":{"rendered":"<p>Benvolgut ve\u00ed \/ ve\u00efna<\/p>\n<p>En breu Castellfollit de Riubreg\u00f3s iniciar\u00e0 els treballs de redacci\u00f3 del seu Pla d\u2019Ordenaci\u00f3 Urban\u00edstica Municipal, un instrument d\u2019ordenaci\u00f3 integral del municipi que ha de permetre planificar el desenvolupament del territori i que afecta directament al conjunt de la poblaci\u00f3 i el seu entorn.<\/p>\n<p>La redacci\u00f3 d\u2019un nou POUM \u00e9s un moment clau en la traject\u00f2ria de qualsevol municipi. El planejament urban\u00edstic general parteix d\u2019una an\u00e0lisi profunda del present per\u00f2, el m\u00e9s important \u00e9s que es tracta d\u2019un exercici fonamental per a dissenyar el futur. El POUM ser\u00e0 en els propers anys el principal instrument d\u2019ordenaci\u00f3 integral del territori per planificar i fer realitat el desenvolupament municipal.<\/p>\n<p>El pla d\u2019urbanisme esdev\u00e9 segurament el debat m\u00e9s important que es presenta en un municipi i que, per regla general, es posa sobre la taula cada 15 o 20 anys. Per tant, cal ser conscients de la transcend\u00e8ncia que t\u00e9 per al futur del nostre municipi\u00a0 i de la import\u00e0ncia de con\u00e8ixer l\u2019opini\u00f3 dels nostres ve\u00efns.<\/p>\n<p>Esperant comptar amb la teva participaci\u00f3 en aquest proc\u00e9s tan important pel nostre municipi, rep una cordial salutaci\u00f3<\/p>\n<p>&nbsp;<\/p>\n<p><strong><span style=\"color: #993300;\">Ram\u00f3n Ib\u00e1\u00f1ez Closa<\/span><\/strong><\/p>\n<p><em>Alcalde de Castellfollit de Riubreg\u00f3s<\/em><\/p>\n","protected":false},"excerpt":{"rendered":"<p>Benvolgut ve\u00ed \/ ve\u00efna En breu Castellfollit de Riubreg\u00f3s iniciar\u00e0 els treballs de redacci\u00f3 del seu Pla d\u2019Ordenaci\u00f3 Urban\u00edstica Municipal, un instrument d\u2019ordenaci\u00f3 integral del municipi que ha de permetre planificar el desenvolupament del territori i que afecta directament al conjunt de la poblaci\u00f3 i el seu entorn. La redacci\u00f3 d\u2019un nou POUM \u00e9s un &hellip; <a href=\"https:\/\/poumriubregos.fpa.cat\/?page_id=117\" class=\"more-link\">Continua la lectura de <span class=\"screen-reader-text\">Presentaci\u00f3<\/span> <span class=\"meta-nav\">&rarr;<\/span><\/a><\/p>\n","protected":false},"author":1,"featured_media":0,"parent":0,"menu_order":0,"comment_status":"closed","ping_status":"open","template":"","meta":{"_mc_calendar":[]},"_links":{"self":[{"href":"https:\/\/poumriubregos.fpa.cat\/index.php?rest_route=\/wp\/v2\/pages\/117"}],"collection":[{"href":"https:\/\/poumriubregos.fpa.cat\/index.php?rest_route=\/wp\/v2\/pages"}],"about":[{"href":"https:\/\/poumriubregos.fpa.cat\/index.php?rest_route=\/wp\/v2\/types\/page"}],"author":[{"embeddable":true,"href":"https:\/\/poumriubregos.fpa.cat\/index.php?rest_route=\/wp\/v2\/users\/1"}],"replies":[{"embeddable":true,"href":"https:\/\/poumriubregos.fpa.cat\/index.php?rest_route=%2Fwp%2Fv2%2Fcomments&post=117"}],"version-history":[{"count":3,"href":"https:\/\/poumriubregos.fpa.cat\/index.php?rest_route=\/wp\/v2\/pages\/117\/revisions"}],"predecessor-version":[{"id":120,"href":"https:\/\/poumriubregos.fpa.cat\/index.php?rest_route=\/wp\/v2\/pages\/117\/revisions\/120"}],"wp:attachment":[{"href":"https:\/\/poumriubregos.fpa.cat\/index.php?rest_route=%2Fwp%2Fv2%2Fmedia&parent=117"}],"curies":[{"name":"wp","href":"https:\/\/api.w.org\/{rel}","templated":true}]}}