{"id":2,"date":"2015-05-18T10:16:19","date_gmt":"2015-05-18T10:16:19","guid":{"rendered":"http:\/\/poumriubregos.fpa.cat\/?page_id=2"},"modified":"2015-05-20T15:26:39","modified_gmt":"2015-05-20T13:26:39","slug":"pagina-ejemplo","status":"publish","type":"page","link":"https:\/\/poumriubregos.fpa.cat\/?page_id=2","title":{"rendered":"Qu\u00e8 \u00e9s el POUM"},"content":{"rendered":"<p>El Pla d\u2019Ordenaci\u00f3 Urban\u00edstica Municipal\u00a0 \u00e9s l\u2019instrument de planejament urban\u00edstic que defineix el model de municipi establint l\u2019ordenaci\u00f3 integral del territori, la distribuci\u00f3 dels usos i activitats i la seva regulaci\u00f3.<\/p>\n<p><a href=\"http:\/\/poumriubregos.fpa.cat\/wp-content\/uploads\/2015\/05\/2.R\u00e8gim-jur\u00eddic-del-s\u00f2l.-Estructura-general-i-zonificaci\u00f3-del-s\u00f2l-no-urbanitzablee-e1432031699269.jpg\"><img decoding=\"async\" loading=\"lazy\" class=\" wp-image-53  alignleft\" src=\"http:\/\/poumriubregos.fpa.cat\/wp-content\/uploads\/2015\/05\/2.R\u00e8gim-jur\u00eddic-del-s\u00f2l.-Estructura-general-i-zonificaci\u00f3-del-s\u00f2l-no-urbanitzablee-241x300.jpg\" alt=\"2.R\u00e8gim jur\u00eddic del s\u00f2l. Estructura general i zonificaci\u00f3 del s\u00f2l no urbanitzablee\" width=\"292\" height=\"363\" \/><span style=\"color: #000000;\">L\u2019instrument d\u2019ordenaci\u00f3 vigent al municipi de Castellfollit de Riubreg\u00f3s s\u00f3n les Normes Subsidi\u00e0ries de Planejament, aprovades el 15 de febrer de 2000. El seu desenvolupament en aquests anys, aix\u00ed com els canvis legislatius, socials i econ\u00f2mics fan necessari l\u2019elaboraci\u00f3 d\u2019una nova eina i programa de futur. El nou POUM \u00e9s doncs una <strong>oportunitat<\/strong> per establir el model de poble.<\/span><\/a><\/p>\n<p style=\"text-align: left;\"><span style=\"color: #ffffff;\">.<\/span><\/p>\n<p style=\"text-align: left;\"><span style=\"color: #ffffff;\">.<\/span><\/p>\n<p style=\"text-align: left;\">El nou POUM, d\u2019acord amb la Llei d\u2019Urbanisme de Catalunya, ha de respondre a diversos objectius:<\/p>\n<ul>\n<li>Definici\u00f3 de l\u2019estructura general del municipi, garantint un desenvolupament urban\u00edstic sostenible tenint en compte la utilitzaci\u00f3 eficient del s\u00f2l com a recurs natural no renovable, atenent les necessitats socials i econ\u00f2miques del municipi, protegint el medi ambient i el patrimoni cultural. Per aconseguir-ho caldr\u00e0 un an\u00e0lisi dels potencials i amenaces del municipi.<\/li>\n<li>Determinar el tractament urban\u00edstic del s\u00f2l urb\u00e0 existent: protecci\u00f3, millora, renovaci\u00f3. Ordenant les edificacions existents i posant el relleu els seus valors.<\/li>\n<li>Establir els s\u00f2ls subjectes a protecci\u00f3 urban\u00edstica (no urbanitzables).<\/li>\n<li>Determinar les tipologies d\u2019edificaci\u00f3 i d\u2019habitatge en el s\u00f2l urb\u00e0, residencial i industrial.<\/li>\n<li>Garantir la qualitat de vida de les generacions presents i futures.<\/li>\n<li>Garantir els drets d\u2019iniciativa, informaci\u00f3 i participaci\u00f3 dels ciutadans en els processos urban\u00edstics.<\/li>\n<li>Fomentar l\u2019activitat econ\u00f2mica, tan al nucli com al s\u00f2l no urbanitzable.<\/li>\n<\/ul>\n<p>&nbsp;<\/p>\n","protected":false},"excerpt":{"rendered":"<p>El Pla d\u2019Ordenaci\u00f3 Urban\u00edstica Municipal\u00a0 \u00e9s l\u2019instrument de planejament urban\u00edstic que defineix el model de municipi establint l\u2019ordenaci\u00f3 integral del territori, la distribuci\u00f3 dels usos i activitats i la seva regulaci\u00f3. L\u2019instrument d\u2019ordenaci\u00f3 vigent al municipi de Castellfollit de Riubreg\u00f3s s\u00f3n les Normes Subsidi\u00e0ries de Planejament, aprovades el 15 de febrer de 2000. El seu &hellip; <a href=\"https:\/\/poumriubregos.fpa.cat\/?page_id=2\" class=\"more-link\">Continua la lectura de <span class=\"screen-reader-text\">Qu\u00e8 \u00e9s el POUM<\/span> <span class=\"meta-nav\">&rarr;<\/span><\/a><\/p>\n","protected":false},"author":1,"featured_media":0,"parent":0,"menu_order":0,"comment_status":"closed","ping_status":"open","template":"","meta":{"_mc_calendar":[]},"_links":{"self":[{"href":"https:\/\/poumriubregos.fpa.cat\/index.php?rest_route=\/wp\/v2\/pages\/2"}],"collection":[{"href":"https:\/\/poumriubregos.fpa.cat\/index.php?rest_route=\/wp\/v2\/pages"}],"about":[{"href":"https:\/\/poumriubregos.fpa.cat\/index.php?rest_route=\/wp\/v2\/types\/page"}],"author":[{"embeddable":true,"href":"https:\/\/poumriubregos.fpa.cat\/index.php?rest_route=\/wp\/v2\/users\/1"}],"replies":[{"embeddable":true,"href":"https:\/\/poumriubregos.fpa.cat\/index.php?rest_route=%2Fwp%2Fv2%2Fcomments&post=2"}],"version-history":[{"count":5,"href":"https:\/\/poumriubregos.fpa.cat\/index.php?rest_route=\/wp\/v2\/pages\/2\/revisions"}],"predecessor-version":[{"id":26,"href":"https:\/\/poumriubregos.fpa.cat\/index.php?rest_route=\/wp\/v2\/pages\/2\/revisions\/26"}],"wp:attachment":[{"href":"https:\/\/poumriubregos.fpa.cat\/index.php?rest_route=%2Fwp%2Fv2%2Fmedia&parent=2"}],"curies":[{"name":"wp","href":"https:\/\/api.w.org\/{rel}","templated":true}]}}