{"id":32,"date":"2015-05-18T19:47:54","date_gmt":"2015-05-18T17:47:54","guid":{"rendered":"http:\/\/poumriubregos.fpa.cat\/?page_id=32"},"modified":"2018-09-21T14:49:30","modified_gmt":"2018-09-21T12:49:30","slug":"documentacio","status":"publish","type":"page","link":"https:\/\/poumriubregos.fpa.cat\/?page_id=32","title":{"rendered":"Documentaci\u00f3"},"content":{"rendered":"<p>Aqu\u00ed podeu consultar els diferents documents que s\u2019aniran generant durant el proc\u00e9s de redacci\u00f3 i tramitaci\u00f3 del POUM de Castellfollit de Riubreg\u00f3s.<\/p>\n<p>Cliqueu sobre el t\u00edtol de l\u2019arxiu per accedir-hi.<\/p>\n<p><em><strong>Aprovaci\u00f3 Inicial:<\/strong><\/em><\/p>\n<ul>\n<li><a href=\"http:\/\/poumriubregos.fpa.cat\/wp-content\/uploads\/2018\/09\/01_MEMORIA_ai.pdf\">Mem\u00f2ries<\/a><\/li>\n<li><a href=\"http:\/\/poumriubregos.fpa.cat\/wp-content\/uploads\/2018\/09\/02_NORMES_ai.pdf\">Normativa<\/a><\/li>\n<li><a href=\"http:\/\/poumriubregos.fpa.cat\/wp-content\/uploads\/2018\/09\/03_CATALEG-BENS_ai.pdf\">Cat\u00e0leg de B\u00e9ns a Protegir<\/a><\/li>\n<li><a href=\"http:\/\/poumriubregos.fpa.cat\/wp-content\/uploads\/2018\/09\/04_EAE_ai.pdf\">Estudi Ambiental Estrat\u00e8gic &#8211; EAE<\/a><\/li>\n<li><a href=\"http:\/\/poumriubregos.fpa.cat\/wp-content\/uploads\/2018\/09\/05_SINTESI_ai-.pdf\">Document de S\u00edntesi<\/a><\/li>\n<li>Documentaci\u00f3 Gr\u00e0fica &#8211; Informaci\u00f3\n<ul>\n<li><a href=\"http:\/\/poumriubregos.fpa.cat\/wp-content\/uploads\/2018\/09\/I_01-EMT.pdf\">I_01-Emmarcament territorial<\/a><\/li>\n<li><a href=\"http:\/\/compartit.fpa.cat\/index.php\/s\/NIjuaHaTeTydB1d\" target=\"_blank\" rel=\"noopener\">I_02-Ortofotomapa<\/a><\/li>\n<li><a href=\"http:\/\/poumriubregos.fpa.cat\/wp-content\/uploads\/2018\/09\/I_03a_TOPO.pdf\">I_03a-Base Cartogr\u00e0fica<\/a><\/li>\n<li><a href=\"http:\/\/poumriubregos.fpa.cat\/wp-content\/uploads\/2018\/09\/I_03b-TOPO.pdf\">I_03b-Base Cartogr\u00e0fica SU<\/a><\/li>\n<li><a href=\"http:\/\/poumriubregos.fpa.cat\/wp-content\/uploads\/2018\/09\/I_04a-RISCOS.pdf\">I_04a-Riscos<\/a><\/li>\n<li><a href=\"http:\/\/poumriubregos.fpa.cat\/wp-content\/uploads\/2018\/09\/I_04b_INUND_GEO.pdf\">I_04b-Riscos d&#8217;Inundabilitat i Geol\u00f2gics<\/a><\/li>\n<li><a href=\"http:\/\/poumriubregos.fpa.cat\/wp-content\/uploads\/2018\/09\/I_05-PAISATGE.pdf\">I_05-Elements de Paisatge i Valors<\/a><\/li>\n<li><a href=\"http:\/\/poumriubregos.fpa.cat\/wp-content\/uploads\/2018\/09\/I_06a-PV.pdf\">I_06a-Planejament Vigent SNU<\/a><\/li>\n<li><a href=\"http:\/\/poumriubregos.fpa.cat\/wp-content\/uploads\/2018\/09\/I_06a1-PV.pdf\">I_06a1-Planejament Vigen SNU<\/a><\/li>\n<li><a href=\"http:\/\/poumriubregos.fpa.cat\/wp-content\/uploads\/2018\/09\/I_06a2-PV.pdf\">I_06a2-Planejament Vigent SNU<\/a><\/li>\n<li><a href=\"http:\/\/poumriubregos.fpa.cat\/wp-content\/uploads\/2018\/09\/I_06a3-PV.pdf\">I_06a3-Planejament Vigent SNU<\/a><\/li>\n<li><a href=\"http:\/\/poumriubregos.fpa.cat\/wp-content\/uploads\/2018\/09\/I_06a4-PV.pdf\">I_06a4-Planejement Vigent SNU<\/a><\/li>\n<li><a href=\"http:\/\/poumriubregos.fpa.cat\/wp-content\/uploads\/2018\/09\/I_06a5-PV.pdf\">I_06a5-Planjament Vigent SNU<\/a><\/li>\n<li><a href=\"http:\/\/poumriubregos.fpa.cat\/wp-content\/uploads\/2018\/09\/I_06b-PV.pdf\">I_06b-Planejament Vigent SU<\/a><\/li>\n<li><a href=\"http:\/\/poumriubregos.fpa.cat\/wp-content\/uploads\/2018\/09\/I_06b1-PV.pdf\">I_06b1-Planejament Vigent SU<\/a><\/li>\n<li><a href=\"http:\/\/poumriubregos.fpa.cat\/wp-content\/uploads\/2018\/09\/I_06b2-PV.pdf\">I_06b2-Planejament Vigent SU<\/a><\/li>\n<li><a href=\"http:\/\/poumriubregos.fpa.cat\/wp-content\/uploads\/2018\/09\/I_07a-XARXES.pdf\">I_07a-Xarxes de Serveis SU<\/a><\/li>\n<li><a href=\"http:\/\/poumriubregos.fpa.cat\/wp-content\/uploads\/2018\/09\/I_07b-XARXES.pdf\">I_07b-Xarxes de Serveis SNU<\/a><\/li>\n<li><a href=\"http:\/\/poumriubregos.fpa.cat\/wp-content\/uploads\/2018\/09\/I_08a-ET.pdf\">I_08a-Estructura Territorial<\/a><\/li>\n<li><a href=\"http:\/\/poumriubregos.fpa.cat\/wp-content\/uploads\/2018\/09\/I_08b-CH.pdf\">I_08b-Creixement Hist\u00f2ric<\/a><\/li>\n<li><a href=\"http:\/\/poumriubregos.fpa.cat\/wp-content\/uploads\/2018\/09\/I_08c-CONF.pdf\">I_08c-Punts Conflictius en SU<\/a><\/li>\n<li><a href=\"http:\/\/poumriubregos.fpa.cat\/wp-content\/uploads\/2018\/09\/I_09a-USOS_SNU.pdf\">I_09a-Usos SNU<\/a><\/li>\n<li><a href=\"http:\/\/poumriubregos.fpa.cat\/wp-content\/uploads\/2018\/09\/I_09b-Dis_SNU.pdf\">I_09b-Ocupaci\u00f3 dels habitatges SNU<\/a><\/li>\n<li><a href=\"http:\/\/poumriubregos.fpa.cat\/wp-content\/uploads\/2018\/09\/I_09c-USOS.pdf\">I_09c-Usos SU<\/a><\/li>\n<li><a href=\"http:\/\/poumriubregos.fpa.cat\/wp-content\/uploads\/2018\/09\/I_09d-CONS.pdf\">I_09d-Estat de Conservaci\u00f3 de l&#8217;edificaci\u00f3 SU<\/a><\/li>\n<li><a href=\"http:\/\/poumriubregos.fpa.cat\/wp-content\/uploads\/2018\/09\/I_09e-AL\u00c7.pdf\">I_09e-Ala\u00e7ades de les edificacions SU<\/a><\/li>\n<\/ul>\n<\/li>\n<li>Documentaci\u00f3 Gr\u00e0fica &#8211;\u00a0 Ordenaci\u00f3\n<ul>\n<li><a href=\"http:\/\/poumriubregos.fpa.cat\/wp-content\/uploads\/2018\/09\/O_01a.pdf\">O_01a-R\u00e9gim del S\u00f2l i EStructura Territorial<\/a><\/li>\n<li><a href=\"http:\/\/poumriubregos.fpa.cat\/wp-content\/uploads\/2018\/09\/O_01b.pdf\">O_01b-R\u00e9gim de S\u00f2l i Estructura Territorial<\/a><\/li>\n<li><a href=\"http:\/\/poumriubregos.fpa.cat\/wp-content\/uploads\/2018\/09\/O_02a_SNU.pdf\">O_02a-SNU<\/a><\/li>\n<li><a href=\"http:\/\/poumriubregos.fpa.cat\/wp-content\/uploads\/2018\/09\/O_02b1.pdf\">O_02b1-Ordenaci\u00f3 del SNU<\/a><\/li>\n<li><a href=\"http:\/\/poumriubregos.fpa.cat\/wp-content\/uploads\/2018\/09\/O_02b2.pdf\">O_02b2-Ordenaci\u00f3 del SNU<\/a><\/li>\n<li><a href=\"http:\/\/poumriubregos.fpa.cat\/wp-content\/uploads\/2018\/09\/O_02b3.pdf\">O_02b3-Ordenaci\u00f3 del SNU<\/a><\/li>\n<li><a href=\"http:\/\/poumriubregos.fpa.cat\/wp-content\/uploads\/2018\/09\/O_02b4.pdf\">O_02b4-Ordenaci\u00f3 del SNU<\/a><\/li>\n<li><a href=\"http:\/\/poumriubregos.fpa.cat\/wp-content\/uploads\/2018\/09\/O_02b5.pdf\">O_02b5-Ordenaci\u00f3 del SNU<\/a><\/li>\n<li><a href=\"http:\/\/poumriubregos.fpa.cat\/wp-content\/uploads\/2018\/09\/O_03a1_SU.pdf\">O_03a_SU<\/a><\/li>\n<li><a href=\"http:\/\/poumriubregos.fpa.cat\/wp-content\/uploads\/2018\/09\/O_03b1.pdf\">O_03b1-Ordenaci\u00f3 del SU<\/a><\/li>\n<li><a href=\"http:\/\/poumriubregos.fpa.cat\/wp-content\/uploads\/2018\/09\/O_03b2.pdf\">O_03b2-Ordenaci\u00f3 del SU<\/a><\/li>\n<li><a href=\"http:\/\/poumriubregos.fpa.cat\/wp-content\/uploads\/2018\/09\/O_04.pdf\">O_04-B\u00e9ns a Protegir<\/a><\/li>\n<li><a href=\"http:\/\/poumriubregos.fpa.cat\/wp-content\/uploads\/2018\/09\/O_05.pdf\">O_05-Alineacions i Rasants<\/a><\/li>\n<li><a href=\"http:\/\/poumriubregos.fpa.cat\/wp-content\/uploads\/2018\/09\/S_01.pdf\">S_01-Suspensi\u00f3 de Llic\u00e8ncies<\/a><\/li>\n<\/ul>\n<\/li>\n<li>Annexes\n<ul>\n<li><a href=\"http:\/\/poumriubregos.fpa.cat\/wp-content\/uploads\/2018\/09\/A-I_P_Participaci\u00f3_D.pdf\">A-I-Participaci\u00f3_Ciutadana<\/a><\/li>\n<li><a href=\"http:\/\/poumriubregos.fpa.cat\/wp-content\/uploads\/2018\/09\/A-II_VALORACI\u00d3_INFORMES_AVAN\u00c7.pdf\">A-II_Valoraci\u00f3 Informes a l&#8217;Avan\u00e7<\/a><\/li>\n<li><a href=\"http:\/\/compartit.fpa.cat\/index.php\/s\/6LHAMJ4PM6q5HPg\" target=\"_blank\" rel=\"noopener\">A-III_Estudi d&#8217;Inundabilitat<\/a><\/li>\n<li><a href=\"http:\/\/poumriubregos.fpa.cat\/wp-content\/uploads\/2018\/09\/A-IV_Estudi_Riscos_Geol\u00f2gics.pdf\">A-IV_Estudi de Riscos Geol\u00f2gics<\/a><\/li>\n<li><a href=\"http:\/\/poumriubregos.fpa.cat\/wp-content\/uploads\/2018\/09\/A-V_InventariSNU.pdf\">A-V_Inventari SNU<\/a><\/li>\n<li><a href=\"http:\/\/poumriubregos.fpa.cat\/wp-content\/uploads\/2018\/09\/A-VI_CCOLORS.pdf\">A-VI_Carta de Colors<\/a><\/li>\n<\/ul>\n<\/li>\n<\/ul>\n<p>&nbsp;<\/p>\n<p><em><strong>Avan\u00e7 de Pla:<\/strong><\/em><\/p>\n<ul>\n<li><a href=\"https:\/\/compartit.fpa.cat\/index.php\/s\/2qA2uagZf7kZT5p\" target=\"_blank\" rel=\"noopener noreferrer\">Avan\u00e7 de Pla<\/a><\/li>\n<li><a href=\"https:\/\/compartit.fpa.cat\/index.php\/s\/yk0gty9kWJjbgcr\" target=\"_blank\" rel=\"noopener noreferrer\">Document Inicial Estrat\u00e8gic &#8211; DIE<\/a><\/li>\n<li><a href=\"https:\/\/compartit.fpa.cat\/index.php\/s\/ANq3nFpCt6DcxNA\" target=\"_blank\" rel=\"noopener noreferrer\">Documentaci\u00f3 Gr\u00e0fica<\/a><\/li>\n<\/ul>\n<p>&nbsp;<\/p>\n<p><strong><em>Treballs Preliminars:<\/em><\/strong><\/p>\n<ul>\n<li><a href=\"http:\/\/poumriubregos.fpa.cat\/wp-content\/uploads\/2015\/05\/P_Participaci%C3%B3_D.pdf\" target=\"_blank\" rel=\"noopener noreferrer\">Programa de Participaci\u00f3 Ciutadana<\/a><\/li>\n<\/ul>\n","protected":false},"excerpt":{"rendered":"<p>Aqu\u00ed podeu consultar els diferents documents que s\u2019aniran generant durant el proc\u00e9s de redacci\u00f3 i tramitaci\u00f3 del POUM de Castellfollit de Riubreg\u00f3s. Cliqueu sobre el t\u00edtol de l\u2019arxiu per accedir-hi. Aprovaci\u00f3 Inicial: Mem\u00f2ries Normativa Cat\u00e0leg de B\u00e9ns a Protegir Estudi Ambiental Estrat\u00e8gic &#8211; EAE Document de S\u00edntesi Documentaci\u00f3 Gr\u00e0fica &#8211; Informaci\u00f3 I_01-Emmarcament territorial I_02-Ortofotomapa I_03a-Base &hellip; <a href=\"https:\/\/poumriubregos.fpa.cat\/?page_id=32\" class=\"more-link\">Continua la lectura de <span class=\"screen-reader-text\">Documentaci\u00f3<\/span> <span class=\"meta-nav\">&rarr;<\/span><\/a><\/p>\n","protected":false},"author":1,"featured_media":0,"parent":0,"menu_order":0,"comment_status":"closed","ping_status":"open","template":"","meta":{"_mc_calendar":[]},"_links":{"self":[{"href":"https:\/\/poumriubregos.fpa.cat\/index.php?rest_route=\/wp\/v2\/pages\/32"}],"collection":[{"href":"https:\/\/poumriubregos.fpa.cat\/index.php?rest_route=\/wp\/v2\/pages"}],"about":[{"href":"https:\/\/poumriubregos.fpa.cat\/index.php?rest_route=\/wp\/v2\/types\/page"}],"author":[{"embeddable":true,"href":"https:\/\/poumriubregos.fpa.cat\/index.php?rest_route=\/wp\/v2\/users\/1"}],"replies":[{"embeddable":true,"href":"https:\/\/poumriubregos.fpa.cat\/index.php?rest_route=%2Fwp%2Fv2%2Fcomments&post=32"}],"version-history":[{"count":21,"href":"https:\/\/poumriubregos.fpa.cat\/index.php?rest_route=\/wp\/v2\/pages\/32\/revisions"}],"predecessor-version":[{"id":228,"href":"https:\/\/poumriubregos.fpa.cat\/index.php?rest_route=\/wp\/v2\/pages\/32\/revisions\/228"}],"wp:attachment":[{"href":"https:\/\/poumriubregos.fpa.cat\/index.php?rest_route=%2Fwp%2Fv2%2Fmedia&parent=32"}],"curies":[{"name":"wp","href":"https:\/\/api.w.org\/{rel}","templated":true}]}}