{"id":34,"date":"2015-05-18T19:48:28","date_gmt":"2015-05-18T17:48:28","guid":{"rendered":"http:\/\/poumriubregos.fpa.cat\/?page_id=34"},"modified":"2015-05-20T19:48:01","modified_gmt":"2015-05-20T17:48:01","slug":"participacio","status":"publish","type":"page","link":"https:\/\/poumriubregos.fpa.cat\/?page_id=34","title":{"rendered":"Participaci\u00f3"},"content":{"rendered":"<p>Per tal de garantir la participaci\u00f3 de la poblaci\u00f3 s\u2019ha redactat el <strong>Programa de Participaci\u00f3 Ciutadana<\/strong> aprovat pel Ple de l\u2019Ajuntament.<\/p>\n<p>Aquest programa defineix les formes d\u2019intervenci\u00f3 dels interessats, particulars o associacions en cadascuna de les fases d\u2019elaboraci\u00f3 del POUM, amb l\u2019objectiu de canalitzar les inquietuds i compatibilitzar les necessitats dels ve\u00efns amb els criteris d\u2019inter\u00e8s general.<\/p>\n<p>Considerem que la cooperaci\u00f3 de tots els ve\u00efns \u00e9s imprescindible per tirar endavant el nou Pla d\u2019Ordenaci\u00f3 Urban\u00edstica Municipal, com a principals coneixedors del territori i de la seves problem\u00e0tiques.<\/p>\n<p><strong><a href=\"http:\/\/poumriubregos.fpa.cat\/wp-content\/uploads\/2015\/05\/P_Participaci\u00f3_D.pdf\" target=\"_blank\">Programa de Participaci\u00f3 Ciutadana<\/a><\/strong>\u00a0 (consulta el document)<\/p>\n<pre><a href=\"http:\/\/poumriubregos.fpa.cat\/wp-content\/uploads\/2015\/05\/Esquema-proc\u00e9s-participatiu.jpg\"><img decoding=\"async\" loading=\"lazy\" class=\"alignnone size-full wp-image-65\" src=\"http:\/\/poumriubregos.fpa.cat\/wp-content\/uploads\/2015\/05\/Esquema-proc\u00e9s-participatiu.jpg\" alt=\"Esquema proc\u00e9s participatiu\" width=\"1276\" height=\"912\" srcset=\"https:\/\/poumriubregos.fpa.cat\/wp-content\/uploads\/2015\/05\/Esquema-proc\u00e9s-participatiu.jpg 1276w, https:\/\/poumriubregos.fpa.cat\/wp-content\/uploads\/2015\/05\/Esquema-proc\u00e9s-participatiu-300x214.jpg 300w, https:\/\/poumriubregos.fpa.cat\/wp-content\/uploads\/2015\/05\/Esquema-proc\u00e9s-participatiu-1024x732.jpg 1024w\" sizes=\"(max-width: 1276px) 100vw, 1276px\" \/><\/a>El calendari d'aquest esquema \u00e9s indicatiu i tindr\u00e0 que ajustar-se al calendari que estableixi el Pla de Treball que s'aprovi.<\/pre>\n<p>L\u2019Ajuntament posa a la disposici\u00f3 de la poblaci\u00f3 els seg\u00fcents instruments i espais per informar i recollir les opinions, comentaris i suggeriments:<\/p>\n<ul>\n<li>Enquesta ciutadana, que es distribuir\u00e0 en format paper i en format digital a trav\u00e9s del Web del POUM.<\/li>\n<li>Sessions informatives<\/li>\n<li>Web POUM (www.poumriubregos.fpa.cat)<\/li>\n<li>Oficina del POUM, d\u2019atenci\u00f3 al ciutad\u00e0, durant les fases d\u2019avan\u00e7 de planejament i d\u2019aprovaci\u00f3 inicial del POUM. Caldr\u00e0 demanar cita pr\u00e8via al tel\u00e8fon 938 693 031 (Ajuntament).<\/li>\n<\/ul>\n<p>&nbsp;<\/p>\n","protected":false},"excerpt":{"rendered":"<p>Per tal de garantir la participaci\u00f3 de la poblaci\u00f3 s\u2019ha redactat el Programa de Participaci\u00f3 Ciutadana aprovat pel Ple de l\u2019Ajuntament. Aquest programa defineix les formes d\u2019intervenci\u00f3 dels interessats, particulars o associacions en cadascuna de les fases d\u2019elaboraci\u00f3 del POUM, amb l\u2019objectiu de canalitzar les inquietuds i compatibilitzar les necessitats dels ve\u00efns amb els criteris &hellip; <a href=\"https:\/\/poumriubregos.fpa.cat\/?page_id=34\" class=\"more-link\">Continua la lectura de <span class=\"screen-reader-text\">Participaci\u00f3<\/span> <span class=\"meta-nav\">&rarr;<\/span><\/a><\/p>\n","protected":false},"author":1,"featured_media":0,"parent":0,"menu_order":0,"comment_status":"closed","ping_status":"open","template":"","meta":{"_mc_calendar":[]},"_links":{"self":[{"href":"https:\/\/poumriubregos.fpa.cat\/index.php?rest_route=\/wp\/v2\/pages\/34"}],"collection":[{"href":"https:\/\/poumriubregos.fpa.cat\/index.php?rest_route=\/wp\/v2\/pages"}],"about":[{"href":"https:\/\/poumriubregos.fpa.cat\/index.php?rest_route=\/wp\/v2\/types\/page"}],"author":[{"embeddable":true,"href":"https:\/\/poumriubregos.fpa.cat\/index.php?rest_route=\/wp\/v2\/users\/1"}],"replies":[{"embeddable":true,"href":"https:\/\/poumriubregos.fpa.cat\/index.php?rest_route=%2Fwp%2Fv2%2Fcomments&post=34"}],"version-history":[{"count":6,"href":"https:\/\/poumriubregos.fpa.cat\/index.php?rest_route=\/wp\/v2\/pages\/34\/revisions"}],"predecessor-version":[{"id":63,"href":"https:\/\/poumriubregos.fpa.cat\/index.php?rest_route=\/wp\/v2\/pages\/34\/revisions\/63"}],"wp:attachment":[{"href":"https:\/\/poumriubregos.fpa.cat\/index.php?rest_route=%2Fwp%2Fv2%2Fmedia&parent=34"}],"curies":[{"name":"wp","href":"https:\/\/api.w.org\/{rel}","templated":true}]}}