{"id":4,"date":"2015-05-18T10:43:35","date_gmt":"2015-05-18T10:43:35","guid":{"rendered":"http:\/\/poumriubregos.fpa.cat\/?page_id=4"},"modified":"2015-10-15T13:42:51","modified_gmt":"2015-10-15T11:42:51","slug":"pagina-del-formulari","status":"publish","type":"page","link":"https:\/\/poumriubregos.fpa.cat\/?page_id=4","title":{"rendered":"Enquesta"},"content":{"rendered":"<p><strong>Enquesta de percepci\u00f3 ciutadana per la redacci\u00f3 del POUM<\/strong><\/p>\n\n\n<div class=\"Uc2NEf\"><div class=\"vnFTpb teQAzf ErmvL KHCwJ\"><\/div><div class=\"teQAzf\"><div class=\"RH5hzf RLS9Fe\"><div class=\"idZHHb\"><div class=\"UOnQub RVEQke\"><\/div><div class=\"pdLVYe LgNcQe\">ENQUESTA DE PERCEPCI\u00d3 CIUTADANA PER LA REDACCI\u00d3 DEL POUM<\/div><div class=\"UatU5d\">El formulari ENQUESTA DE PERCEPCI\u00d3 CIUTADANA PER LA REDACCI\u00d3 DEL POUM ja no accepta respostes.<br><br>Si voleu fer-nos arribar la vostra opini\u00f3 podeu fer-ho a trav\u00e9s del &quot;Registre de Suggeriments&quot; que trobareu a la pestanya Opina i Participa.<\/div><div class=\"c2gzEf\"><\/div><\/div><\/div><div><div class=\"v1CNvb sId0Ce\">Este contenido no ha sido creado ni aprobado por Google.  - <a href=\"https:\/\/policies.google.com\/terms\" target=\"_blank\">T\u00e9rminos del Servicio<\/a> - <a href=\"https:\/\/policies.google.com\/privacy\" target=\"_blank\">Pol\u00edtica de Privacidad<\/a><p>\u00bfParece sospechoso este formulario? <a href=\"https:\/\/drive.google.com\/abuse?id=AKkXjoxojVn7IUEcpGESeJBCQ4CZhWJHE8E1RQbn0Cn6QkltiStGrOoWuNqbYPqU03CZ4Dj8Kw4wfpgLZXhLrvQ:0&amp;docurl=https:\/\/docs.google.com\/forms\/d\/1sTWmTEflN1PhgJpA3e_7H4BDqiVKg9uE6XDp55YC3dw\/closedform\" target=\"_blank\">Informe<\/a><\/p><\/div><div class=\"I3zNcc yF4pU\"><a href=\"\/\/www.google.com\/forms\/about\/?utm_source=product&amp;utm_medium=forms_logo&amp;utm_campaign=forms\"><img src=\"https:\/\/www.gstatic.com\/images\/branding\/googlelogo\/svg\/googlelogo_dark_clr_74x24px.svg\" alt=\"Google\" \/>&nbsp;<span class=\"sUXvCd\">Formularios<\/span><\/a><\/div><\/div><\/div><\/div><div><\/div><!-- Google Forms unnessary Javascript removed -->\n\n<p>Un cop tancat el termini de recollida d&#8217;opinions podeu consultar les respostes rebudes en aquest document:<\/p>\n<p><a href=\"http:\/\/poumriubregos.fpa.cat\/wp-content\/uploads\/2015\/05\/INFORME-ENQUESTA.pdf\">INFORME-ENQUESTA<\/a><\/p>\n","protected":false},"excerpt":{"rendered":"<p>Enquesta de percepci\u00f3 ciutadana per la redacci\u00f3 del POUM Un cop tancat el termini de recollida d&#8217;opinions podeu consultar les respostes rebudes en aquest document: INFORME-ENQUESTA<\/p>\n","protected":false},"author":1,"featured_media":0,"parent":36,"menu_order":0,"comment_status":"closed","ping_status":"open","template":"","meta":{"_mc_calendar":[]},"_links":{"self":[{"href":"https:\/\/poumriubregos.fpa.cat\/index.php?rest_route=\/wp\/v2\/pages\/4"}],"collection":[{"href":"https:\/\/poumriubregos.fpa.cat\/index.php?rest_route=\/wp\/v2\/pages"}],"about":[{"href":"https:\/\/poumriubregos.fpa.cat\/index.php?rest_route=\/wp\/v2\/types\/page"}],"author":[{"embeddable":true,"href":"https:\/\/poumriubregos.fpa.cat\/index.php?rest_route=\/wp\/v2\/users\/1"}],"replies":[{"embeddable":true,"href":"https:\/\/poumriubregos.fpa.cat\/index.php?rest_route=%2Fwp%2Fv2%2Fcomments&post=4"}],"version-history":[{"count":7,"href":"https:\/\/poumriubregos.fpa.cat\/index.php?rest_route=\/wp\/v2\/pages\/4\/revisions"}],"predecessor-version":[{"id":139,"href":"https:\/\/poumriubregos.fpa.cat\/index.php?rest_route=\/wp\/v2\/pages\/4\/revisions\/139"}],"up":[{"embeddable":true,"href":"https:\/\/poumriubregos.fpa.cat\/index.php?rest_route=\/wp\/v2\/pages\/36"}],"wp:attachment":[{"href":"https:\/\/poumriubregos.fpa.cat\/index.php?rest_route=%2Fwp%2Fv2%2Fmedia&parent=4"}],"curies":[{"name":"wp","href":"https:\/\/api.w.org\/{rel}","templated":true}]}}