{"id":56,"date":"2015-05-19T13:16:07","date_gmt":"2015-05-19T11:16:07","guid":{"rendered":"http:\/\/poumriubregos.fpa.cat\/?page_id=56"},"modified":"2015-06-02T10:55:29","modified_gmt":"2015-06-02T08:55:29","slug":"proces-i-etapes","status":"publish","type":"page","link":"https:\/\/poumriubregos.fpa.cat\/?page_id=56","title":{"rendered":"Proc\u00e9s i Etapes"},"content":{"rendered":"<p>El proc\u00e9s de redacci\u00f3 d\u2019un POUM \u00e9s un proc\u00e9s llarg, lent i complex, on hi intervenen nombrosos agents. L\u2019aprovaci\u00f3 de cada fase del planejament no dep\u00e8n \u00fanicament de l\u2019ajuntament sin\u00f3 tamb\u00e9 dep\u00e8n finalment de la Comissi\u00f3 Territorial d\u2019Urbanisme de les Comarques Centrals (CTUCC), i dels informes sectorials d\u2019altres administracions\u00a0.<\/p>\n<p>Les fases de la redacci\u00f3 del Pla s\u00f3n les seg\u00fcents:<\/p>\n<ul>\n<li><span style=\"color: #993300;\"><strong>Avan\u00e7 de Pla : <\/strong><\/span>Definici\u00f3 dels objectius i criteris\u00a0 per al planejament del POUM i de les alternatives de model urban\u00edstic. Redacci\u00f3 del Document Inicial Estrat\u00e8gic (DIE), que forma part de la tramitaci\u00f3 ambiental del Pla.<\/li>\n<\/ul>\n<p>L\u2019aprovaci\u00f3 de l\u2019Avan\u00e7 de Pla donar\u00e0 pas a una exposici\u00f3 p\u00fablica de 30 dies durant els quals es podran presentar suggeriments\u00a0i es sol.liciten\u00a0els informes de la CTUCC i de la Oficina T\u00e8cnica d\u2019Avaluaci\u00f3 Ambiental (OTAA).<\/p>\n<ul>\n<li><span style=\"color: #993300;\"><strong>Aprovaci\u00f3 inicial<\/strong><strong>:<\/strong><\/span> Concreci\u00f3 de l\u2019ordenaci\u00f3 urban\u00edstica un cop analitzats els suggeriments i les propostes presentades per la ciutadania i els informes \u00a0rebuts de l\u2019administraci\u00f3 al document d\u2019Avan\u00e7 de Pla. Redacci\u00f3 de l\u2019Estudi Ambiental Estrat\u00e8gic (EsAE)<\/li>\n<\/ul>\n<p>L\u2019aprovaci\u00f3 Inicial del POUM donar\u00e0 pas a una exposici\u00f3 p\u00fablica de 45 dies durant els quals es podran presentar al\u00b7legacions.\u00a0Despr\u00e9s de l\u2019aprovaci\u00f3 inicial cal sol\u00b7licitar els diferents informes sectorials, a m\u00e9s de tramitar el Document Ambiental Estrat\u00e8gic.<\/p>\n<ul>\n<li><span style=\"color: #993300;\"><strong>Aprovaci\u00f3 provisional<\/strong><strong>:<\/strong><\/span> Despr\u00e9s de l\u2019exposici\u00f3 p\u00fablica es donar\u00e0 resposta individualitzada a les al\u00b7legacions presentades i s\u2019informar\u00e0 de les resolucions municipals incloses en el document del pla.<\/li>\n<\/ul>\n<p>Cal sol\u00b7licitar un informe previ a l\u2019Aprovaci\u00f3 provisional a la CTUCC i el Dictamen Estrat\u00e8gic Ambiental.<\/p>\n<p>Si les diferencies entre el document de l\u2019aprovaci\u00f3 provisional i l\u2019aprovaci\u00f3 inicial fossin substancials s\u2019obriria un nou termini d\u2019exposici\u00f3 p\u00fablica.<\/p>\n<ul>\n<li><span style=\"color: #993300;\"><strong>Aprovaci\u00f3 definitiva<\/strong><strong>:<\/strong><\/span> Verificaci\u00f3 de la legalitat del document i del tr\u00e0mit i de l\u2019ajust amb les determinacions del planejament superior. Es lliurar\u00e0 el document definitiu a la CTUCC (Comissi\u00f3 Territorial d\u2019Urbanisme de les comarques centrals), que verificar\u00e0 la legalitat del document.<\/li>\n<\/ul>\n<p>En cas que sigui necessari s\u2019el.laborar\u00e0 un document de<span style=\"color: #993300;\"> <strong>Text Ref\u00f3s<\/strong> <\/span>que reculli les correccions i ajustos de la resoluci\u00f3 de la CTUCC.<\/p>\n<p>L\u2019aplicaci\u00f3 del POUM entrar\u00e0 en vigor a partir de la publicaci\u00f3 al DOGC.<\/p>\n","protected":false},"excerpt":{"rendered":"<p>El proc\u00e9s de redacci\u00f3 d\u2019un POUM \u00e9s un proc\u00e9s llarg, lent i complex, on hi intervenen nombrosos agents. L\u2019aprovaci\u00f3 de cada fase del planejament no dep\u00e8n \u00fanicament de l\u2019ajuntament sin\u00f3 tamb\u00e9 dep\u00e8n finalment de la Comissi\u00f3 Territorial d\u2019Urbanisme de les Comarques Centrals (CTUCC), i dels informes sectorials d\u2019altres administracions\u00a0. Les fases de la redacci\u00f3 del &hellip; <a href=\"https:\/\/poumriubregos.fpa.cat\/?page_id=56\" class=\"more-link\">Continua la lectura de <span class=\"screen-reader-text\">Proc\u00e9s i Etapes<\/span> <span class=\"meta-nav\">&rarr;<\/span><\/a><\/p>\n","protected":false},"author":1,"featured_media":0,"parent":2,"menu_order":0,"comment_status":"closed","ping_status":"open","template":"","meta":{"_mc_calendar":[]},"_links":{"self":[{"href":"https:\/\/poumriubregos.fpa.cat\/index.php?rest_route=\/wp\/v2\/pages\/56"}],"collection":[{"href":"https:\/\/poumriubregos.fpa.cat\/index.php?rest_route=\/wp\/v2\/pages"}],"about":[{"href":"https:\/\/poumriubregos.fpa.cat\/index.php?rest_route=\/wp\/v2\/types\/page"}],"author":[{"embeddable":true,"href":"https:\/\/poumriubregos.fpa.cat\/index.php?rest_route=\/wp\/v2\/users\/1"}],"replies":[{"embeddable":true,"href":"https:\/\/poumriubregos.fpa.cat\/index.php?rest_route=%2Fwp%2Fv2%2Fcomments&post=56"}],"version-history":[{"count":3,"href":"https:\/\/poumriubregos.fpa.cat\/index.php?rest_route=\/wp\/v2\/pages\/56\/revisions"}],"predecessor-version":[{"id":60,"href":"https:\/\/poumriubregos.fpa.cat\/index.php?rest_route=\/wp\/v2\/pages\/56\/revisions\/60"}],"up":[{"embeddable":true,"href":"https:\/\/poumriubregos.fpa.cat\/index.php?rest_route=\/wp\/v2\/pages\/2"}],"wp:attachment":[{"href":"https:\/\/poumriubregos.fpa.cat\/index.php?rest_route=%2Fwp%2Fv2%2Fmedia&parent=56"}],"curies":[{"name":"wp","href":"https:\/\/api.w.org\/{rel}","templated":true}]}}