{"id":96,"date":"2015-05-20T19:37:25","date_gmt":"2015-05-20T17:37:25","guid":{"rendered":"http:\/\/poumriubregos.fpa.cat\/?page_id=96"},"modified":"2018-03-27T13:19:09","modified_gmt":"2018-03-27T11:19:09","slug":"registre-de-suggeriments","status":"publish","type":"page","link":"https:\/\/poumriubregos.fpa.cat\/?page_id=96","title":{"rendered":"Registre de suggeriments"},"content":{"rendered":"\n\n<div class=\"Uc2NEf\"><div class=\"vnFTpb teQAzf ErmvL KHCwJ\"><\/div><div class=\"teQAzf\"><form action=\"\" target=\"_self\" method=\"POST\" id=\"mG61Hd\"><div><div><\/div><\/div><div class=\"RH5hzf RLS9Fe\"><div class=\"lrKTG\"><div class=\"Dq4amc\"><div class=\"m7w29c O8VmIc tIvQIf\"><div class=\"HB1eCd-X3SwIb-haAclf\"><div class=\"HB1eCd-X3SwIb-i8xkGf\"><div class=\"tk3N6e-cXJiPb tk3N6e-cXJiPb-TSZdd tk3N6e-cXJiPb-GMvhG\">Tu navegador no tiene JavaScript activado, por lo cual no se puede abrir este archivo. Act\u00edvalo y vuelve a cargarlo.<\/div><\/div><br><\/div><div class=\"JH79cc RVEQke b33AEc\"><\/div><div class=\"N0gd6\"><div class=\"ahS2Le\"><div class=\"F9yp7e ikZYwf LgNcQe\">Registre de suggeriments<\/div><\/div><div class=\"liS6Hc\"><\/div><\/div><div class=\"zAVwcb\"><\/div><div class=\"DqBBlb\"><div class=\"Oh1Vtf\"><div class=\"kesdnc\"><a href=\"https:\/\/accounts.google.com\/AccountChooser?continue=https:\/\/docs.google.com\/forms\/d\/e\/1FAIpQLScy2NZmirvhwCafBhR-vX0TWmGIaqXqfzTt-vEZQHzCZCbK0g\/viewform?usp%3Dsend_form%26rest_route%3D\/wp\/v2\/pages\/96&amp;service=wise\">Iniciar sesi\u00f3n en Google<\/a> para guardar lo que llevas hecho. <a class=\"TYUeKb\">M\u00e1s informaci\u00f3n<\/a><\/div><\/div><div class=\"zAVwcb\"><\/div><div class=\"md0UAd\">* Indica que la pregunta es obligatoria<\/div><\/div><\/div><\/div><div class=\"o3Dpx\"><div class=\"Qr7Oae\"><div class=\"OxAavc\"><div class=\"spb5Rd OIC90c\">Podeu fer arribar els vostres suggeriments i opinions a l&#039;equip redactor omplint aquest formulari.<\/div><div class=\"M0Ikp\"><\/div><\/div><\/div><div class=\"Qr7Oae\"><div class=\"OxAavc\"><div class=\"meSK8 M7eMe\">DADES PERSONALS<\/div><div class=\"M0Ikp\"><\/div><\/div><\/div><div class=\"Qr7Oae\"><div><div class=\"geS5n\"><div class=\"z12JJ\"><div class=\"M4DNQ\"><div class=\"HoXoMd D1wxyf RjsPE\"><span class=\"M7eMe\">\u00a0Nom i Cognoms<\/span><span class=\"vnumgf\"> *<\/span><\/div><div class=\"gubaDc OIC90c RjsPE\"><\/div><\/div><\/div><div class=\"AgroKb\"><div class=\"rFrNMe k3kHxc RdH0ib yqQS1 zKHdkd RDPZE\"><div class=\"aCsJod oJeWuf\"><div class=\"aXBtI Wic03c\"><div class=\"Xb9hP\"><input type=\"text\" class=\"whsOnd zHQkBf\" \/><div class=\"ndJi5d snByac\">Tu respuesta<\/div><\/div><div class=\"i9lrp mIZh1c\"><\/div><div class=\"OabDMe cXrdqd\"><\/div><\/div><\/div><div class=\"LXRPh\"><div class=\"ovnfwe Is7Fhb\"><\/div><\/div><\/div><\/div><div class=\"SL4Sz\"><\/div><\/div><\/div><\/div><div class=\"Qr7Oae\"><div><div class=\"geS5n\"><div class=\"z12JJ\"><div class=\"M4DNQ\"><div class=\"HoXoMd D1wxyf RjsPE\"><span class=\"M7eMe\">Correu electr\u00f2nic<\/span><span class=\"vnumgf\"> *<\/span><\/div><div class=\"gubaDc OIC90c RjsPE\"><\/div><\/div><\/div><div class=\"AgroKb\"><div class=\"rFrNMe k3kHxc RdH0ib yqQS1 zKHdkd RDPZE\"><div class=\"aCsJod oJeWuf\"><div class=\"aXBtI Wic03c\"><div class=\"Xb9hP\"><input type=\"text\" class=\"whsOnd zHQkBf\" \/><div class=\"ndJi5d snByac\">Tu respuesta<\/div><\/div><div class=\"i9lrp mIZh1c\"><\/div><div class=\"OabDMe cXrdqd\"><\/div><\/div><\/div><div class=\"LXRPh\"><div class=\"ovnfwe Is7Fhb\"><\/div><\/div><\/div><\/div><div class=\"SL4Sz\"><\/div><\/div><\/div><\/div><div class=\"Qr7Oae\"><div class=\"OxAavc\"><div class=\"meSK8 M7eMe\">OPINA<\/div><div class=\"M0Ikp\"><\/div><\/div><\/div><div class=\"Qr7Oae\"><div><div class=\"geS5n\"><div class=\"z12JJ\"><div class=\"M4DNQ\"><div class=\"HoXoMd D1wxyf RjsPE\"><span class=\"M7eMe\">Comentari<\/span><\/div><div class=\"gubaDc OIC90c RjsPE\"><\/div><\/div><\/div><div class=\"AgroKb\"><div class=\"edhGSc zKHdkd kRy7qc RdH0ib yqQS1 RDPZE\"><div class=\"RpC4Ne oJeWuf\"><div class=\"F1pOBe snByac\">Tu respuesta<\/div><div class=\"Pc9Gce Wic03c\"><textarea class=\"KHxj8b tL9Q4c\"><\/textarea><\/div><div class=\"z0oSpf mIZh1c\"><\/div><div class=\"Bfurwb cXrdqd\"><\/div><\/div><div class=\"jE8NUc\"><div class=\"YElZX Is7Fhb\"><\/div><\/div><\/div><\/div><div class=\"SL4Sz\"><\/div><\/div><\/div><\/div><\/div><div class=\"ThHDze\"><div class=\"DE3NNc CekdCb\"><div class=\"lRwqcd\"><div class=\"uArJ5e UQuaGc Y5sE8d VkkpIf QvWxOd\"><div class=\"Fvio9d MbhUzd\"><\/div><div class=\"e19J0b CeoRYc\"><\/div><span class=\"l4V7wb Fxmcue\"><span class=\"NPEfkd RveJvd snByac\">Enviar<\/span><\/span><\/div><\/div><div class=\"nYdzXd\"><div class=\"uArJ5e UQuaGc kCyAyd l3F1ye TFBnVe\"><div class=\"Fvio9d MbhUzd\"><\/div><div class=\"e19J0b CeoRYc\"><\/div><span class=\"l4V7wb Fxmcue\"><span class=\"NPEfkd RveJvd snByac\">Borrar formulario<\/span><\/span><\/div><\/div><\/div><div class=\"T2dutf\">Nunca env\u00edes contrase\u00f1as a trav\u00e9s de Formularios de Google.<\/div><\/div><input type=\"hidden\" name=\"fvv\" value=\"1\"><input type=\"hidden\" name=\"partialResponse\" value=\"[null,null,&quot;9026818712489029366&quot;]\"><input type=\"hidden\" name=\"pageHistory\" value=\"0\"><input type=\"hidden\" name=\"fbzx\" value=\"9026818712489029366\"><input type=\"hidden\" name=\"submissionTimestamp\" value=\"-1\"><\/div><\/div><input type=\"hidden\" id=\"wpgform_nonce\" name=\"wpgform_nonce\" value=\"4df0a4f59d\" \/><input type=\"hidden\" name=\"_wp_http_referer\" value=\"\/index.php?rest_route=%2Fwp%2Fv2%2Fpages%2F96\" \/><input type=\"hidden\" value='Imh0dHBzOlwvXC9kb2NzLmdvb2dsZS5jb21cL2Zvcm1zXC9kXC9lXC8xRkFJcFFMU2N5Mk5abWlydmh3Q2FmQmhSLXZYMFRXbUdJYXFYcWZ6VHQtdkVaUUh6Q1pDYkswZ1wvZm9ybVJlc3BvbnNlIg==' name=\"wpgform-action\"><input type=\"hidden\" value=\"1\" name=\"wpgform-form-id\"><input type=\"hidden\" value=\"eyJmb3JtIjoiaHR0cHM6XC9cL2RvY3MuZ29vZ2xlLmNvbVwvZm9ybXNcL2RcLzF0VWYxVnZObmRMZnhLYVVuSXBfX0c5SjB0bFRGYnlvUzJpbVo1cFdFSjFZXC92aWV3Zm9ybT91c3A9c2VuZF9mb3JtIiwidWlkIjoiIiwiY29uZmlybSI6bnVsbCwiYWxlcnQiOm51bGwsImNsYXNzIjoid3BnZm9ybSIsImxlZ2FsIjoib2ZmIiwiYnIiOiJvZmYiLCJjb2x1bW5zIjoxLCJtaW52cHR3aWR0aCI6IjAiLCJjb2x1bW5vcmRlciI6ImxlZnQtdG8tcmlnaHQiLCJjc3Nfc3VmZml4IjpudWxsLCJjc3NfcHJlZml4IjpudWxsLCJyZWFkb25seSI6Im9mZiIsInRpdGxlIjoib2ZmIiwibWFwaDFoMiI6Im9mZiIsImVtYWlsIjoib24iLCJzZW5kdG8iOiJ1cmJhbmlzbWVAZnBhLmNhdCIsInVzZXJfZW1haWwiOiJvZmYiLCJ1c2VyX3NlbmR0byI6bnVsbCwicmVzdWx0cyI6ZmFsc2UsInNwcmVhZHNoZWV0IjpmYWxzZSwiY2FwdGNoYSI6Im9uIiwidmFsaWRhdGlvbiI6Im9mZiIsInVuaXRldGhlbWVoYWNrIjoib2ZmIiwic3R5bGUiOiJyZWRpcmVjdCIsInVzZV90cmFuc2llbnQiOiJvZmYiLCJ0cmFuc2llbnRfdGltZSI6IjUiLCJpZCI6MTA1LCJ2YWxpZGF0aW9uX2ZpZWxkX25hbWUiOlsiIl0sInBsYWNlaG9sZGVyX2ZpZWxkX25hbWUiOlsiIl0sImhpZGRlbmZpZWxkIjoib2ZmIiwiaGlkZGVuZmllbGRfZmllbGRfbmFtZSI6WyIiXSwib3ZlcnJpZGVfZ29vZ2xlX2RlZmF1bHRfdGV4dCI6Im9mZiIsInJlcXVpcmVkX3RleHRfb3ZlcnJpZGUiOiJOZWNlc3NhcmkiLCJzdWJtaXRfYnV0dG9uX3RleHRfb3ZlcnJpZGUiOiJFbnZpYXIiLCJiYWNrX2J1dHRvbl90ZXh0X292ZXJyaWRlIjoiVG9ybmFyIiwiY29udGludWVfYnV0dG9uX3RleHRfb3ZlcnJpZGUiOiJDb250aW51YXIiLCJyYWRpb19idXR0b25zX3RleHRfb3ZlcnJpZGUiOiJNYXJjYSBub21cdTAwZTlzIHVuYSBvcGNpXHUwMGYzIiwicmFkaW9fYnV0dG9uc19vdGhlcl90ZXh0X292ZXJyaWRlIjoiQWx0cmVzOiIsImNoZWNrX2JveGVzX3RleHRfb3ZlcnJpZGUiOiJNYXJjYSBsZXMgb3BjaW9ucyBxdWUgY29ycmVzcG9uZ3VpIn0=\" name=\"wpgform-options\"><\/form><div><div class=\"v1CNvb sId0Ce\">Este contenido no ha sido creado ni aprobado por Google.  - <a href=\"https:\/\/policies.google.com\/terms\" target=\"_blank\">T\u00e9rminos del Servicio<\/a> - <a href=\"https:\/\/policies.google.com\/privacy\" target=\"_blank\">Pol\u00edtica de Privacidad<\/a><p>\u00bfParece sospechoso este formulario? <a href=\"https:\/\/docs.google.com\/forms\/d\/e\/1FAIpQLScy2NZmirvhwCafBhR-vX0TWmGIaqXqfzTt-vEZQHzCZCbK0g\/abuse\" target=\"_blank\">Informe<\/a><\/p><\/div><div class=\"I3zNcc yF4pU\"><a href=\"\/\/www.google.com\/forms\/about\/?utm_source=product&amp;utm_medium=forms_logo&amp;utm_campaign=forms\"><img src=\"https:\/\/www.gstatic.com\/images\/branding\/googlelogo\/svg\/googlelogo_dark_clr_74x24px.svg\" alt=\"Google\" \/>&nbsp;<span class=\"sUXvCd\">Formularios<\/span><\/a><\/div><\/div><\/div><div class=\"wJFUN\"><div class=\"VfPpkd-xl07Ob-XxIAqe-OWXEXe-oYxtQd\"><div><span><div class=\"VfPpkd-Bz112c-Jh9lGc\"><\/div><div class=\"VfPpkd-Bz112c-J1Ukfc-LhBDec\"><\/div><div class=\"foqfDc gdyQ3c\"><div class=\"Y0xAIe BNL9Bd NpcyEe-n5T17d-Bz112c-h9d3hd-i5vt6e-BvMwwf\">&nbsp;<\/div><div class=\"Y0xAIe ivmiLb NpcyEe-n5T17d-Bz112c-h9d3hd-i5vt6e-AhqUyc\">&nbsp;<\/div><div class=\"Y0xAIe tDDvMb NpcyEe-n5T17d-Bz112c-h9d3hd-i5vt6e\">&nbsp;<\/div><\/div><div class=\"EY8ABd-OWXEXe-TAWMXe\">Ayuda y comentarios<\/div><\/span><\/div><div> <div class=\"VfPpkd-xl07Ob-XxIAqe VfPpkd-xl07Ob q6oraf P77izf\"><ul><span class=\"VfPpkd-BFbNVe-bF1uUb NZp2ef\"><\/span><li><span class=\"VfPpkd-StrnGf-rymPhb-pZXsl\"><\/span><span class=\"VfPpkd-StrnGf-rymPhb-Zmlebc-LhBDec\"><\/span><span class=\" VfPpkd-StrnGf-rymPhb-f7MjDc\"><div class=\"foqfDc gdyQ3c\"><div class=\"Y0xAIe BNL9Bd NpcyEe-n5T17d-Bz112c-xvr5H-BvMwwf\">&nbsp;<\/div><div class=\"Y0xAIe ivmiLb NpcyEe-n5T17d-Bz112c-xvr5H-AhqUyc\">&nbsp;<\/div><div class=\"Y0xAIe tDDvMb NpcyEe-n5T17d-Bz112c-xvr5H\">&nbsp;<\/div><\/div><\/span><span class=\"VfPpkd-StrnGf-rymPhb-b9t22c\">Contactar con el propietario del formulario<\/span><\/li><li><\/li><li><span class=\"VfPpkd-StrnGf-rymPhb-pZXsl\"><\/span><span class=\"VfPpkd-StrnGf-rymPhb-Zmlebc-LhBDec\"><\/span><span class=\" VfPpkd-StrnGf-rymPhb-f7MjDc\"><div class=\"foqfDc gdyQ3c\"><div class=\"Y0xAIe BNL9Bd NpcyEe-n5T17d-Bz112c-N7Eqid-XkWAb-BvMwwf\">&nbsp;<\/div><div class=\"Y0xAIe ivmiLb NpcyEe-n5T17d-Bz112c-N7Eqid-XkWAb-AhqUyc\">&nbsp;<\/div><div class=\"Y0xAIe tDDvMb NpcyEe-n5T17d-Bz112c-N7Eqid-XkWAb\">&nbsp;<\/div><\/div><\/span><span class=\"VfPpkd-StrnGf-rymPhb-b9t22c\">Ay\u00fadanos a mejorar Formularios<\/span><\/li><li><span class=\"VfPpkd-StrnGf-rymPhb-pZXsl\"><\/span><span class=\"VfPpkd-StrnGf-rymPhb-Zmlebc-LhBDec\"><\/span><span class=\" VfPpkd-StrnGf-rymPhb-f7MjDc\"><div class=\"foqfDc gdyQ3c\"><div class=\"Y0xAIe BNL9Bd NpcyEe-n5T17d-Bz112c-uQPRwe-BvMwwf\">&nbsp;<\/div><div class=\"Y0xAIe ivmiLb NpcyEe-n5T17d-Bz112c-uQPRwe-AhqUyc\">&nbsp;<\/div><div class=\"Y0xAIe tDDvMb NpcyEe-n5T17d-Bz112c-uQPRwe\">&nbsp;<\/div><\/div><\/span><span class=\"VfPpkd-StrnGf-rymPhb-b9t22c\">Informe<\/span><\/li><\/ul><\/div><\/div><\/div><\/div><\/div><!-- Google Forms unnessary Javascript removed -->\n<!-- Google Forms unnessary Javascript removed -->\n\n","protected":false},"excerpt":{"rendered":"","protected":false},"author":1,"featured_media":0,"parent":36,"menu_order":0,"comment_status":"closed","ping_status":"closed","template":"","meta":{"_mc_calendar":[]},"_links":{"self":[{"href":"https:\/\/poumriubregos.fpa.cat\/index.php?rest_route=\/wp\/v2\/pages\/96"}],"collection":[{"href":"https:\/\/poumriubregos.fpa.cat\/index.php?rest_route=\/wp\/v2\/pages"}],"about":[{"href":"https:\/\/poumriubregos.fpa.cat\/index.php?rest_route=\/wp\/v2\/types\/page"}],"author":[{"embeddable":true,"href":"https:\/\/poumriubregos.fpa.cat\/index.php?rest_route=\/wp\/v2\/users\/1"}],"replies":[{"embeddable":true,"href":"https:\/\/poumriubregos.fpa.cat\/index.php?rest_route=%2Fwp%2Fv2%2Fcomments&post=96"}],"version-history":[{"count":5,"href":"https:\/\/poumriubregos.fpa.cat\/index.php?rest_route=\/wp\/v2\/pages\/96\/revisions"}],"predecessor-version":[{"id":99,"href":"https:\/\/poumriubregos.fpa.cat\/index.php?rest_route=\/wp\/v2\/pages\/96\/revisions\/99"}],"up":[{"embeddable":true,"href":"https:\/\/poumriubregos.fpa.cat\/index.php?rest_route=\/wp\/v2\/pages\/36"}],"wp:attachment":[{"href":"https:\/\/poumriubregos.fpa.cat\/index.php?rest_route=%2Fwp%2Fv2%2Fmedia&parent=96"}],"curies":[{"name":"wp","href":"https:\/\/api.w.org\/{rel}","templated":true}]}}